{"id":39740,"date":"2023-07-24T20:08:03","date_gmt":"2023-07-24T20:08:03","guid":{"rendered":"https:\/\/business-one.local\/?page_id=7"},"modified":"2026-04-17T14:19:37","modified_gmt":"2026-04-17T12:19:37","slug":"home","status":"publish","type":"page","link":"https:\/\/metropolenforschung.uaruhr.de\/en\/","title":{"rendered":"Competence Field of Metropolitan Research"},"content":{"rendered":"<section class=\"gb-container gb-container-5d1a2f5a\">\n<div class=\"gb-container gb-container-30141a63\">\n<div class=\"gb-container gb-container-f36c200f\">\n\n<h1 class=\"gb-headline gb-headline-4f2cd24e gb-headline-text\">Competence Field of Metropolitan Research<\/h1>\n\n<\/div>\n<\/div>\n<\/section>\n\n\n<div class=\"gb-element-733360f0\">\n<p><\/p>\n\n\n\n<h2 class=\"gb-text gb-text-80a3b497\"><strong>The Competence Field of Metropolitan Research (KoMet) forms the central platform for the integration of research, teaching and transfer regarding all aspects of metropolitan research throughout the University Alliance Ruhr.<\/strong><\/h2>\n\n\n\n<p class=\"has-text-align-left\">As an internationally recognized center for inter- and transdisciplinary metropolitan research, KoMet bundles the complementary competencies of the three partner universities - University of Duisburg-Essen, Ruhr University Bochum and TU Dortmund University - across all research cultures and faculties, and builds on the strength of the region by networking with research institutes and practitioners outside the university.<\/p>\n\n\n\n<p>KoMet\u2019s thematic focus is structured around key societal challenges that can only be successfully addressed through interdisciplinary and transdisciplinary cooperation. Collaboration in the eight current interdisciplinary research fields focuses on creating and intensifying research partnerships among the more than 150 participating researchers. In addition, students and early-stage researchers are to be supported through innovative exchange and support formats that closely link research and teaching, as well as through joint and mutually accessible courses within the University Alliance Ruhr.<\/p>\n\n\n\n<div class=\"wp-block-buttons is-layout-flex wp-block-buttons-is-layout-flex\">\n<div class=\"wp-block-button\"><a class=\"wp-block-button__link wp-element-button\" href=\"https:\/\/metropolenforschung.uaruhr.de\/en\/ueber-uns\/\">About us<\/a><\/div>\n<\/div>\n<\/div>\n\n\n\n<div class=\"gb-element-2597e95c\">\n<div class=\"gb-element-439937a0\">\n<h2 class=\"gb-text-bc839f60\"><span class=\"gb-shape\"><svg xmlns=\"http:\/\/www.w3.org\/2000\/svg\" viewbox=\"0 0 21.17 32.19\"><path d=\"M0 32.19 11.72 0h9.46L9.46 32.19H0Z\"><\/path><\/svg><\/span><span class=\"gb-text\">Current<\/span><\/h2>\n\n\n\n<div><div class=\"gb-looper-8b17ef99\">\n<div class=\"gb-loop-item post-50643 ankuendigungen type-ankuendigungen status-publish hentry\">\n<h2 class=\"gb-text gb-text-650c4f7a\"><a href=\"https:\/\/metropolenforschung.uaruhr.de\/en\/ankuendigungen\/2026-transformation-talks-4-0\/\">Transformation Talks 4.0 &#8211; 26.06.2026<\/a><\/h2>\n\n\n\n<p class=\"gb-text gb-text-093ed639\">23.04.2026<\/p>\n\n\n<\/div>\n\n<div class=\"gb-loop-item post-50638 ankuendigungen type-ankuendigungen status-publish hentry\">\n<h2 class=\"gb-text gb-text-650c4f7a\"><a href=\"https:\/\/metropolenforschung.uaruhr.de\/en\/ankuendigungen\/transformation-talks-4-0-call-for-papers\/\">Transformation Talks 4.0 &#8211; CALL FOR ABSTRACTS<\/a><\/h2>\n\n\n\n<p class=\"gb-text gb-text-093ed639\">23.04.2026<\/p>\n\n\n<\/div>\n\n<div class=\"gb-loop-item post-50513 ankuendigungen type-ankuendigungen status-publish hentry\">\n<h2 class=\"gb-text gb-text-650c4f7a\"><a href=\"https:\/\/metropolenforschung.uaruhr.de\/en\/ankuendigungen\/transformation-talks-4-0\/\">Transformation Talks 4.0 - REGISTRATION<\/a><\/h2>\n\n\n\n<p class=\"gb-text gb-text-093ed639\">23.04.2026<\/p>\n\n\n<\/div>\n\n<div class=\"gb-loop-item post-49150 ankuendigungen type-ankuendigungen status-publish hentry\">\n<h2 class=\"gb-text gb-text-650c4f7a\"><a href=\"https:\/\/metropolenforschung.uaruhr.de\/en\/ankuendigungen\/testankuendiung\/\">KoMet Award - for Outstanding Doctoral Theses and Master Theses<\/a><\/h2>\n\n\n\n<p class=\"gb-text gb-text-093ed639\">15.04.2026<\/p>\n\n\n<\/div>\n<\/div>\n\n\n<div class=\"gb-element-fabdf119 gb-query-loop-pagination\">\n\n\n\n<\/div>\n\n\n<\/div>\n<\/div>\n<\/div>\n\n\n\n<div class=\"gb-element-4dd45abc\">\n<div class=\"gb-element-97e375e7\">\n<h2 class=\"gb-text-95866faf\"><span class=\"gb-shape\"><svg xmlns=\"http:\/\/www.w3.org\/2000\/svg\" viewbox=\"0 0 21.17 32.19\"><path d=\"M0 32.19 11.72 0h9.46L9.46 32.19H0Z\"><\/path><\/svg><\/span><span class=\"gb-text\">New Posts<\/span><\/h2>\n\n\n\n<div><div class=\"gb-looper-bab65f13\">\n<div class=\"gb-loop-item gb-loop-item-ae8c8352 post-50748 post type-post status-publish format-standard hentry category-aktivitaeten\">\n<div class=\"gb-element-94814e1a\">\n<div class=\"gb-text gb-text-8e86923c\"><a href=\"https:\/\/metropolenforschung.uaruhr.de\/en\/category\/aktivitaeten\/\" rel=\"tag\">Activities<\/a><\/div>\n\n\n\n<h3 class=\"gb-text gb-text-21b129e1\"><a href=\"https:\/\/metropolenforschung.uaruhr.de\/en\/7-komet-tag-gruene-transformation-ruhr\/\">7. KoMet Tag: Gr\u00fcne Transformation Ruhr<\/a><\/h3>\n\n\n\n<p class=\"gb-text gb-text-328582e0\">05.12.2025<\/p>\n<\/div>\n<\/div>\n\n<div class=\"gb-loop-item gb-loop-item-ae8c8352 post-50743 post type-post status-publish format-standard hentry category-aktivitaeten\">\n<div class=\"gb-element-94814e1a\">\n<div class=\"gb-text gb-text-8e86923c\"><a href=\"https:\/\/metropolenforschung.uaruhr.de\/en\/category\/aktivitaeten\/\" rel=\"tag\">Activities<\/a><\/div>\n\n\n\n<h3 class=\"gb-text gb-text-21b129e1\"><a href=\"https:\/\/metropolenforschung.uaruhr.de\/en\/transformation-talks-3-0-mindshift-ruhr-wie-gestalten-wir-den-gruenen-wandel-des-ruhrgebiets-05-09-2025\/\">TRANSFORMATION TALKS 3.0: MindShift Ruhr &#8211; Wie gestalten wir den gr\u00fcnen Wandel des Ruhrgebiets?<\/a><\/h3>\n\n\n\n<p class=\"gb-text gb-text-328582e0\">05.09.2025<\/p>\n<\/div>\n<\/div>\n\n<div class=\"gb-loop-item gb-loop-item-ae8c8352 post-50733 post type-post status-publish format-standard hentry category-aktivitaeten\">\n<div class=\"gb-element-94814e1a\">\n<div class=\"gb-text gb-text-8e86923c\"><a href=\"https:\/\/metropolenforschung.uaruhr.de\/en\/category\/aktivitaeten\/\" rel=\"tag\">Activities<\/a><\/div>\n\n\n\n<h3 class=\"gb-text gb-text-21b129e1\"><a href=\"https:\/\/metropolenforschung.uaruhr.de\/en\/komet-foerderpreis-2025-auszeichnung-fuer-zwei-dissertationen\/\">KoMet-F\u00f6rderpreis 2025: Auszeichnung f\u00fcr zwei Dissertationen<\/a><\/h3>\n\n\n\n<p class=\"gb-text gb-text-328582e0\">01.07.2025<\/p>\n<\/div>\n<\/div>\n\n<div class=\"gb-loop-item gb-loop-item-ae8c8352 post-49589 post type-post status-publish format-standard hentry category-aktivitaeten\">\n<div class=\"gb-element-94814e1a\">\n<div class=\"gb-text gb-text-8e86923c\"><a href=\"https:\/\/metropolenforschung.uaruhr.de\/en\/category\/aktivitaeten\/\" rel=\"tag\">Activities<\/a><\/div>\n\n\n\n<h3 class=\"gb-text gb-text-21b129e1\"><a href=\"https:\/\/metropolenforschung.uaruhr.de\/en\/6-komet-tag-das-ruhrgebiet-ein-modell-fuer-metropolitane-transformation-rege-diskussion-ueber-die-themen-des-geplanten-ruhrbands-zur-transformation\/\">6. KoMet Tag: Das Ruhrgebiet \u2013 ein Modell f\u00fcr metropolitane Transformation?<\/a><\/h3>\n\n\n\n<p class=\"gb-text gb-text-328582e0\">06.12.2024<\/p>\n<\/div>\n<\/div>\n<\/div><\/div>\n<\/div>\n<\/div>\n\n\n\n<div class=\"gbp-section gb-element-1f0a2d00\">\n<div class=\"gbp-section__inner\">\n<h2 class=\"gb-headline gb-headline-671a9794 gb-headline-text\"><strong><strong>&nbsp;University Alliance Ruhr<\/strong><\/strong><\/h2>\n\n\n\n<div class=\"gb-element-cbd361db\">\n<img loading=\"lazy\" decoding=\"async\" width=\"260\" height=\"70\" class=\"gb-media-35aba2b9\" src=\"https:\/\/metropolenforschung.uaruhr.de\/wp-content\/uploads\/2026\/02\/csm_Logo_RUB_BLAU_4c_8700eaee15.webp\" title=\"csm_Logo_RUB_BLAU_4c_8700eaee15\" alt=\"\"\/>\n\n\n\n<img loading=\"lazy\" decoding=\"async\" width=\"260\" height=\"42\" class=\"gb-media-5e90b2ff\" src=\"https:\/\/metropolenforschung.uaruhr.de\/wp-content\/uploads\/2026\/02\/csm_tud_logo_rgb_17bd1f7da0.webp\" title=\"csm_tud_logo_rgb_17bd1f7da0\" alt=\"\"\/>\n\n\n\n<img loading=\"lazy\" decoding=\"async\" width=\"260\" height=\"101\" class=\"gb-media-7314dd93\" src=\"https:\/\/metropolenforschung.uaruhr.de\/wp-content\/uploads\/2026\/02\/csm_logo_claim_rgb_6802944904.webp\" title=\"csm_logo_claim_rgb_6802944904\" alt=\"\"\/>\n\n\n\n<img loading=\"lazy\" decoding=\"async\" width=\"220\" height=\"120\" class=\"gb-media-902c9cf5\" src=\"https:\/\/metropolenforschung.uaruhr.de\/wp-content\/uploads\/2026\/04\/UA-Ruhr_Logo-3.png\" title=\"UA-Ruhr_Logo (3)\" alt=\"\" srcset=\"https:\/\/metropolenforschung.uaruhr.de\/wp-content\/uploads\/2026\/04\/UA-Ruhr_Logo-3.png 220w, https:\/\/metropolenforschung.uaruhr.de\/wp-content\/uploads\/2026\/04\/UA-Ruhr_Logo-3-18x10.png 18w\" sizes=\"auto, (max-width: 220px) 100vw, 220px\" \/>\n<\/div>\n<\/div>\n<\/div>","protected":false},"excerpt":{"rendered":"<p>Kompetenzfeld Metropolenforschung Das Kompetenzfeld Metropolenforschung (KoMet) bildet die zentrale Plattform zur Integration von Forschung, Lehre und Transfer zu allen Aspekten der Metropolenforschung. Mit dem Ziel, sich als international sichtbares Zentrum f\u00fcr inter- und transdisziplin\u00e4re Metropolenforschung zu etablieren, b\u00fcndelt KoMet die komplement\u00e4ren Kompetenzen der drei Partneruniversit\u00e4ten &#8211; Universit\u00e4t Duisburg-Essen, Ruhr-Universit\u00e4t Bochum und Technische Universit\u00e4t Dortmund &#8211; &#8230; <a title=\"Competence Field of Metropolitan Research\" class=\"read-more\" href=\"https:\/\/metropolenforschung.uaruhr.de\/en\/\" aria-label=\"Read more about Kompetenzfeld Metropolenforschung\">Read more<\/a><\/p>","protected":false},"author":1,"featured_media":0,"parent":0,"menu_order":1,"comment_status":"closed","ping_status":"closed","template":"","meta":{"footnotes":""},"class_list":["post-39740","page","type-page","status-publish"],"_links":{"self":[{"href":"https:\/\/metropolenforschung.uaruhr.de\/en\/wp-json\/wp\/v2\/pages\/39740","targetHints":{"allow":["GET"]}}],"collection":[{"href":"https:\/\/metropolenforschung.uaruhr.de\/en\/wp-json\/wp\/v2\/pages"}],"about":[{"href":"https:\/\/metropolenforschung.uaruhr.de\/en\/wp-json\/wp\/v2\/types\/page"}],"author":[{"embeddable":true,"href":"https:\/\/metropolenforschung.uaruhr.de\/en\/wp-json\/wp\/v2\/users\/1"}],"replies":[{"embeddable":true,"href":"https:\/\/metropolenforschung.uaruhr.de\/en\/wp-json\/wp\/v2\/comments?post=39740"}],"version-history":[{"count":106,"href":"https:\/\/metropolenforschung.uaruhr.de\/en\/wp-json\/wp\/v2\/pages\/39740\/revisions"}],"predecessor-version":[{"id":51014,"href":"https:\/\/metropolenforschung.uaruhr.de\/en\/wp-json\/wp\/v2\/pages\/39740\/revisions\/51014"}],"wp:attachment":[{"href":"https:\/\/metropolenforschung.uaruhr.de\/en\/wp-json\/wp\/v2\/media?parent=39740"}],"curies":[{"name":"wp","href":"https:\/\/api.w.org\/{rel}","templated":true}]}}