{"id":48897,"date":"2025-12-02T17:23:52","date_gmt":"2025-12-02T17:23:52","guid":{"rendered":"https:\/\/metropolenforschung.uaruhr.de\/?page_id=48897"},"modified":"2026-02-04T17:50:53","modified_gmt":"2026-02-04T16:50:53","slug":"impressum","status":"publish","type":"page","link":"https:\/\/metropolenforschung.uaruhr.de\/en\/impressum\/","title":{"rendered":"Imprint"},"content":{"rendered":"<p>Verantwortlich f\u00fcr den Inhalt der Seite des Kompetenzfelds Metropolenforschung sind die Sprecher*innen:<br><br><strong>Prof. Dr. Jens Martin Gurr<\/strong><br>Universit\u00e4t Duisburg-Essen, Institut f\u00fcr Anglophone Studien<br>Campus Essen: Universit\u00e4tsstra\u00dfe 2, 45141 Essen, Raum: R12 S04 H08<br>Telefon: +49 201 183 3427, E-Mail: jens.gurr@uni-due.de<br><br><strong>Prof. Dr. Uta Hohn<\/strong><br>Ruhr-Universit\u00e4t Bochum, Lehrstuhl f\u00fcr Internationale Stadt- und Metropolenentwicklung<\/p>\n\n\n\n<p>Universit\u00e4tsstra\u00dfe 150, 44801 Bochum, Geb\u00e4ude: IA E6\/127<br>Telefon: +49 234 32-28433, Fax: +49 234 32-14484,&nbsp; E-Mail: uta.hohn@rub.de<\/p>\n\n\n\n<p><strong>Prof. Dr. Thorsten Wiechmann<\/strong><br>Technische Universit\u00e4t Dortmund, Fachgebiet Raumordnung und Planungstheorie<br>Campus S\u00fcd: August-Schmidt-Stra\u00dfe 4, 44227 Dortmund, Geb\u00e4ude: GBI, 3. OG, Raum 413<br>Telefon: +49 231 755 5428, E-Mail: thorsten.wiechmann@tu-dortmund.de<\/p>\n\n\n\n<p><br>Die Website basiert auf der Domain der Universit\u00e4tsallianz Ruhr (UA Ruhr):&nbsp;<a href=\"https:\/\/web.archive.org\/web\/20210725163048\/http:\/\/www.uaruhr.de\/\">http:\/\/www.uaruhr.de\/<\/a><\/p>\n\n\n\n<p>Diese Domian liegt auf dem Server von:&nbsp;<\/p>\n\n\n\n<p>ALL-INKL.COM \u2013 Neue Medien M\u00fcnnich<br>Hauptstra\u00dfe 68<br>D-02742 Friedersdorf<br>Telefon: +49 35872 353-10<br>Telefax: +49 35872 353-30<br>E-Mail:info@all-inkl.com<br><br>Die technische Ausf\u00fchrung der Website erfolgt durch die Gesch\u00e4ftsstelle des Kompetenzfelds Metropolenforschung. Telefon: +49 234 32-19614.<br><\/p>\n\n\n\n<h2 class=\"wp-block-heading\">KONTAKT<\/h2>\n\n\n\n<p>E-Mail: metropolenforschung@uaruhr.de<br><br>Bitte kontaktieren Sie diese Mailadresse bei Meldungen \u00fcber missbr\u00e4uchliche Nutzungen oder rechtswidrige Inhalte durch Links auf der Seite des Kompetenzfelds Metropolenforschung.<br><br>Au\u00dferdem erreichen Sie uns \u00fcber diese Mailadresse bei Anregungen und Fragen.<br><br><\/p>\n\n\n\n<h2 class=\"wp-block-heading\">RECHTLICHE HINWEISE<\/h2>\n\n\n\n<p>Das Kompetenzfeld Metropolenforschung schlie\u00dft, soweit gesetzlich zul\u00e4ssig, jegliche Haftung f\u00fcr die Inhalte der publizierten Webseiten aus. Das gleiche gilt f\u00fcr Seiten, auf die durch Links verwiesen wird. Das Kompetenzfeld Metropolenforschung distanziert sich ausdr\u00fccklich von den Inhalten der verlinkten Seiten und macht sich diese nicht zu Eigen.<br><br>Die erstellten Inhalte und Bilder unterliegen den Eigentumsrechten des Kompetenzfelds Metropolenforschung und d\u00fcrfen nicht ohne Einverst\u00e4ndnis weiterverwandt werden.<\/p>","protected":false},"excerpt":{"rendered":"<p>Verantwortlich f\u00fcr den Inhalt der Seite des Kompetenzfelds Metropolenforschung sind die Sprecher*innen: Prof. Dr. Jens Martin GurrUniversit\u00e4t Duisburg-Essen, Institut f\u00fcr Anglophone StudienCampus Essen: Universit\u00e4tsstra\u00dfe 2, 45141 Essen, Raum: R12 S04 H08Telefon: +49 201 183 3427, E-Mail: jens.gurr@uni-due.de Prof. Dr. Uta HohnRuhr-Universit\u00e4t Bochum, Lehrstuhl f\u00fcr Internationale Stadt- und Metropolenentwicklung Universit\u00e4tsstra\u00dfe 150, 44801 Bochum, Geb\u00e4ude: IA E6\/127Telefon: &#8230; <a title=\"Imprint\" class=\"read-more\" href=\"https:\/\/metropolenforschung.uaruhr.de\/en\/impressum\/\" aria-label=\"Read more about Impressum\">Read more<\/a><\/p>","protected":false},"author":1,"featured_media":0,"parent":0,"menu_order":198,"comment_status":"closed","ping_status":"closed","template":"","meta":{"footnotes":""},"class_list":["post-48897","page","type-page","status-publish"],"_links":{"self":[{"href":"https:\/\/metropolenforschung.uaruhr.de\/en\/wp-json\/wp\/v2\/pages\/48897","targetHints":{"allow":["GET"]}}],"collection":[{"href":"https:\/\/metropolenforschung.uaruhr.de\/en\/wp-json\/wp\/v2\/pages"}],"about":[{"href":"https:\/\/metropolenforschung.uaruhr.de\/en\/wp-json\/wp\/v2\/types\/page"}],"author":[{"embeddable":true,"href":"https:\/\/metropolenforschung.uaruhr.de\/en\/wp-json\/wp\/v2\/users\/1"}],"replies":[{"embeddable":true,"href":"https:\/\/metropolenforschung.uaruhr.de\/en\/wp-json\/wp\/v2\/comments?post=48897"}],"version-history":[{"count":2,"href":"https:\/\/metropolenforschung.uaruhr.de\/en\/wp-json\/wp\/v2\/pages\/48897\/revisions"}],"predecessor-version":[{"id":48997,"href":"https:\/\/metropolenforschung.uaruhr.de\/en\/wp-json\/wp\/v2\/pages\/48897\/revisions\/48997"}],"wp:attachment":[{"href":"https:\/\/metropolenforschung.uaruhr.de\/en\/wp-json\/wp\/v2\/media?parent=48897"}],"curies":[{"name":"wp","href":"https:\/\/api.w.org\/{rel}","templated":true}]}}