{"id":48938,"date":"2025-12-11T11:26:02","date_gmt":"2025-12-11T10:26:02","guid":{"rendered":"https:\/\/metropolenforschung.uaruhr.de\/?page_id=48938"},"modified":"2026-04-15T09:28:39","modified_gmt":"2026-04-15T07:28:39","slug":"sprecherinnen","status":"publish","type":"page","link":"https:\/\/metropolenforschung.uaruhr.de\/en\/ueber-uns\/sprecherinnen\/","title":{"rendered":"Sprecher:innen"},"content":{"rendered":"<p>The following academics are responsible for the operational expansion of the Competence Field and its external representation:<\/p>\n\n\n\n<div class=\"gb-element-38653da6\">\n<div>\n<figure>\n<div>\n<div>\n<img loading=\"lazy\" decoding=\"async\" width=\"600\" height=\"600\" class=\"gb-media-63b11488\" src=\"https:\/\/metropolenforschung.uaruhr.de\/wp-content\/uploads\/2026\/04\/Design-ohne-Titel-11.png\" alt=\"\" title=\"Design ohne Titel (11)\" srcset=\"https:\/\/metropolenforschung.uaruhr.de\/wp-content\/uploads\/2026\/04\/Design-ohne-Titel-11.png 600w, https:\/\/metropolenforschung.uaruhr.de\/wp-content\/uploads\/2026\/04\/Design-ohne-Titel-11-300x300.png 300w, https:\/\/metropolenforschung.uaruhr.de\/wp-content\/uploads\/2026\/04\/Design-ohne-Titel-11-150x150.png 150w, https:\/\/metropolenforschung.uaruhr.de\/wp-content\/uploads\/2026\/04\/Design-ohne-Titel-11-12x12.png 12w\" sizes=\"auto, (max-width: 600px) 100vw, 600px\" \/>\n<\/div>\n<\/div>\n<\/figure>\n\n\n\n<p class=\"has-small-font-size\">\u00a9&nbsp;Daniel Schumann<\/p>\n\n\n\n<div class=\"gb-text gb-text-d5d68e5e\">Prof. Dr. Jens Martin Gurr<br><\/div>\n\n\n\n<p>University of Duisburg-Essen<br>Faculty of Humanities<br>Institute for Anglophone Studies<\/p>\n\n\n\n<p>Tel.: +49 (0)201 183 3427<br>E-Mail:&nbsp;<a href=\"mailto:jens.gurr@uni-due.de\">jens.gurr@uni-due.de<\/a><br><a href=\"https:\/\/www.uni-due.de\/balc\/gurr_jens\" target=\"_blank\" rel=\"noreferrer noopener\">Website of Prof. Dr. Gurr<\/a><\/p>\n<\/div>\n\n\n\n<div>\n<div>\n<div class=\"wp-block-columns is-layout-flex wp-container-core-columns-is-layout-9d6595d7 wp-block-columns-is-layout-flex\">\n<div class=\"wp-block-column is-layout-flow wp-block-column-is-layout-flow\" style=\"flex-basis:100%\"><div class=\"wp-block-image\">\n<figure class=\"aligncenter size-large is-resized\"><img loading=\"lazy\" decoding=\"async\" width=\"1024\" height=\"993\" src=\"https:\/\/metropolenforschung.uaruhr.de\/wp-content\/uploads\/2026\/04\/Hohn_4.jpg-1024x993.png\" alt=\"\" class=\"wp-image-50917\" style=\"object-fit:cover;width:400px;height:400px\" srcset=\"https:\/\/metropolenforschung.uaruhr.de\/wp-content\/uploads\/2026\/04\/Hohn_4.jpg-1024x993.png 1024w, https:\/\/metropolenforschung.uaruhr.de\/wp-content\/uploads\/2026\/04\/Hohn_4.jpg-300x291.png 300w, https:\/\/metropolenforschung.uaruhr.de\/wp-content\/uploads\/2026\/04\/Hohn_4.jpg-768x744.png 768w, https:\/\/metropolenforschung.uaruhr.de\/wp-content\/uploads\/2026\/04\/Hohn_4.jpg-1536x1489.png 1536w, https:\/\/metropolenforschung.uaruhr.de\/wp-content\/uploads\/2026\/04\/Hohn_4.jpg-2048x1985.png 2048w, https:\/\/metropolenforschung.uaruhr.de\/wp-content\/uploads\/2026\/04\/Hohn_4.jpg-12x12.png 12w\" sizes=\"auto, (max-width: 1024px) 100vw, 1024px\" \/><\/figure>\n<\/div><\/div>\n<\/div>\n<\/div>\n\n\n\n<p class=\"has-small-font-size\">\u00a9&nbsp;Roman Fritz<\/p>\n\n\n\n<div class=\"gb-text gb-text-567e1572\">Prof. Dr. Uta Hohn<br><\/div>\n\n\n\n<p>Ruhr University Bochum<br>Institute of Geography<br>Abtl.: Intern. Stadt- und Metropolenentwicklung<\/p>\n\n\n\n<p>Tel.: +49 (0)234 32 14484<br>E-Mail:&nbsp;<a href=\"mailto:jens.gurr@uni-due.de\">uta.hohn@ruhr-uni-bochum.de<\/a><br><a href=\"https:\/\/www.geographie.ruhr-uni-bochum.de\/mitarbeiter\/Uta_Hohn.html.de\" target=\"_blank\" rel=\"noreferrer noopener\">Website of Prof. Dr. Uta Hohn<\/a><\/p>\n<\/div>\n\n\n\n<div>\n<div>\n<img loading=\"lazy\" decoding=\"async\" width=\"1709\" height=\"2560\" class=\"gb-media-53a60177\" src=\"https:\/\/metropolenforschung.uaruhr.de\/wp-content\/uploads\/2026\/04\/TW-scaled.jpg\" alt=\"\" title=\"TW\" srcset=\"https:\/\/metropolenforschung.uaruhr.de\/wp-content\/uploads\/2026\/04\/TW-scaled.jpg 1709w, https:\/\/metropolenforschung.uaruhr.de\/wp-content\/uploads\/2026\/04\/TW-200x300.jpg 200w, https:\/\/metropolenforschung.uaruhr.de\/wp-content\/uploads\/2026\/04\/TW-683x1024.jpg 683w, https:\/\/metropolenforschung.uaruhr.de\/wp-content\/uploads\/2026\/04\/TW-768x1151.jpg 768w, https:\/\/metropolenforschung.uaruhr.de\/wp-content\/uploads\/2026\/04\/TW-1025x1536.jpg 1025w, https:\/\/metropolenforschung.uaruhr.de\/wp-content\/uploads\/2026\/04\/TW-1367x2048.jpg 1367w, https:\/\/metropolenforschung.uaruhr.de\/wp-content\/uploads\/2026\/04\/TW-8x12.jpg 8w\" sizes=\"auto, (max-width: 1709px) 100vw, 1709px\" \/>\n<\/div>\n\n\n\n<p class=\"has-small-font-size\">\u00a9&nbsp;&nbsp;Uwe Gr\u00fctzner \/ TU Dortmund<\/p>\n\n\n\n<div class=\"gb-text gb-text-b8a34c04\">Prof. Dr. Thorsten Wiechmann<br><\/div>\n\n\n\n<p>TU Dortmund University<br>Faculty of Spatial Planning<br>Raumordnung &amp; Planungstheorie<\/p>\n\n\n\n<p>Tel.: +49 (0)231 755 5428<br>E-Mail:&nbsp;<a href=\"mailto:thorsten.wiechmann@tu-dortmund.de\">thorsten.wiechmann@tu-dortmund.de<\/a><br><a href=\"https:\/\/rop.raumplanung.tu-dortmund.de\/en\/working-group\/team\/prof-dr-habil-thorsten-wiechmann\/\" target=\"_blank\" rel=\"noreferrer noopener\">Website of Prof. Dr. Thorsten Wiechmann<\/a><\/p>\n<\/div>\n<\/div>\n\n\n\n<p><\/p>","protected":false},"excerpt":{"rendered":"<p>Den operativen Ausbau des Kompetenzfeld Metropolenforschung und seine Vertretung nach Au\u00dfen haben folgende Wissenschaftler:innen \u00fcbernommen: \u00a9&nbsp;Daniel Schumann Prof. Dr. Jens Martin Gurr Universit\u00e4t Duisburg-EssenFakult\u00e4t f\u00fcr GeisteswissenschaftenInstitut f\u00fcr anglophone Studien Tel.: +49 (0)201 183 3427E-Mail:&nbsp;jens.gurr@uni-due.deWebsite von Prof. Dr. Jens Martin Gurr \u00a9&nbsp;Roman Fritz Prof. Dr. Uta Hohn Ruhr-Universit\u00e4t BochumGeographisches InstitutAbtl.: Intern. Stadt- und Metropolenentwicklung Tel.: +49 &#8230; <a title=\"Sprecher:innen\" class=\"read-more\" href=\"https:\/\/metropolenforschung.uaruhr.de\/en\/ueber-uns\/sprecherinnen\/\" aria-label=\"Read more about Sprecher:innen\">Read more<\/a><\/p>","protected":false},"author":1,"featured_media":0,"parent":48901,"menu_order":1,"comment_status":"closed","ping_status":"closed","template":"","meta":{"footnotes":""},"class_list":["post-48938","page","type-page","status-publish"],"_links":{"self":[{"href":"https:\/\/metropolenforschung.uaruhr.de\/en\/wp-json\/wp\/v2\/pages\/48938","targetHints":{"allow":["GET"]}}],"collection":[{"href":"https:\/\/metropolenforschung.uaruhr.de\/en\/wp-json\/wp\/v2\/pages"}],"about":[{"href":"https:\/\/metropolenforschung.uaruhr.de\/en\/wp-json\/wp\/v2\/types\/page"}],"author":[{"embeddable":true,"href":"https:\/\/metropolenforschung.uaruhr.de\/en\/wp-json\/wp\/v2\/users\/1"}],"replies":[{"embeddable":true,"href":"https:\/\/metropolenforschung.uaruhr.de\/en\/wp-json\/wp\/v2\/comments?post=48938"}],"version-history":[{"count":25,"href":"https:\/\/metropolenforschung.uaruhr.de\/en\/wp-json\/wp\/v2\/pages\/48938\/revisions"}],"predecessor-version":[{"id":50940,"href":"https:\/\/metropolenforschung.uaruhr.de\/en\/wp-json\/wp\/v2\/pages\/48938\/revisions\/50940"}],"up":[{"embeddable":true,"href":"https:\/\/metropolenforschung.uaruhr.de\/en\/wp-json\/wp\/v2\/pages\/48901"}],"wp:attachment":[{"href":"https:\/\/metropolenforschung.uaruhr.de\/en\/wp-json\/wp\/v2\/media?parent=48938"}],"curies":[{"name":"wp","href":"https:\/\/api.w.org\/{rel}","templated":true}]}}