{"id":48944,"date":"2025-12-11T11:27:02","date_gmt":"2025-12-11T10:27:02","guid":{"rendered":"https:\/\/metropolenforschung.uaruhr.de\/?page_id=48944"},"modified":"2026-02-12T20:44:29","modified_gmt":"2026-02-12T19:44:29","slug":"einrichtungen","status":"publish","type":"page","link":"https:\/\/metropolenforschung.uaruhr.de\/en\/ueber-uns\/einrichtungen\/","title":{"rendered":"Facilities"},"content":{"rendered":"<div class=\"gbp-section gb-element-9cd1b387\">\n<div class=\"gbp-section__inner\">\n<div class=\"gb-element-4809020d\">\n<h2 class=\"gb-text gbp-section__headline\">Scientific Institutions<\/h2>\n\n\n\n<p class=\"gb-text gbp-section__text\">The competence in the field of urban research is a cooperation network of the three UA Ruhr universities and has a large number of relevant, already well-connected Central scientific institutions and institutions. In addition, close cooperation with non-University research institutions.<\/p>\n\n\n\n<p><br>The following parties and cooperating with scientific institutions and networks are:<\/p>\n<\/div>\n<\/div>\n\n\n\n<div class=\"gbp-section__inner gb-element-311d7099\">\n<div class=\"gb-element-632f5266\">\n<div>\n<h3 class=\"gb-text gbp-section__headline\"><a href=\"http:\/\/www.iatge.de\/\" target=\"_blank\" rel=\"noreferrer noopener\"><strong>Institute for work and technology (IAT) Gelsenkirchen<\/strong><\/a><\/h3>\n<\/div>\n\n\n\n<p class=\"gb-text gbp-section__text\">The Institute for work and technology is a research and development facility, the scientific and practical interest of the organization of Knowledge and Innovation for sustainable prosperity and quality of life is. As a Central institution of the westf\u00e4lische Hochschule Gelsenkirchen, Bocholt, Recklinghausen and cooperation partner of the Ruhr-University of Bochum, the IAT is a joint center of excellence for Innovation of the two universities.<\/p>\n<\/div>\n\n\n\n<div class=\"gb-element-acba174f\">\n<div>\n<h3 class=\"gb-text gbp-section__headline\"><strong><a href=\"https:\/\/www.uni-due.de\/gesellschaftswissenschaften\/profilschwerpunkt\/RISP.shtml\" target=\"_blank\" rel=\"noreferrer noopener\"><strong>The Rhine-Ruhr Institute for social research and policy consulting (RISP) e. V. Duisburg<\/strong><\/a><\/strong><\/h3>\n<\/div>\n\n\n\n<p class=\"gb-text gbp-section__text\">The RISP \u2013 founded in 1980 \u2013 is a Ministry of science, NRW recognised Institute of the University of Duisburg-Essen. The research focus is on the accelerated structural change in the Rhine-Ruhr Region and in recent years, increasing globalization trends, the leaders in policy and administration, economy and science in many areas, new challenges. Through application-oriented research, Evaluation, surveys, and consulting, the RISP provides well-known contributions to address the current problems.<\/p>\n<\/div>\n\n\n\n<div class=\"gb-element-19c57509\">\n<div>\n<h3 class=\"gb-text gbp-section__headline\"><strong><a href=\"https:\/\/www.ils-forschung.de\/index.php?lang=de&amp;s=home\" target=\"_blank\" rel=\"noreferrer noopener\"><\/a><strong><strong><a href=\"https:\/\/www.ils-forschung.de\/index.php?lang=de&amp;s=home\" target=\"_blank\" rel=\"noreferrer noopener\">Institute for regional and urban development studies (ILS) Dortmund<\/a><\/strong><\/strong><\/strong><\/h3>\n<\/div>\n\n\n\n<p class=\"gb-text gbp-section__text\">The Institute for regional and urban development research is a non-University research Institute, which examines the current and future development of cities from an interdisciplinary and international comparisons. Be considered in the process of urban restructuring processes at all relevant scales, from the district over the city to the city region and their involvement in inter-regional, national and international contexts.<\/p>\n<\/div>\n\n\n\n<div class=\"gb-element-d86fbf7c\">\n<div>\n<h3 class=\"gb-text gbp-section__headline\"><strong><a href=\"http:\/\/www.zefir.ruhr-uni-bochum.de\/\" target=\"_blank\" rel=\"noreferrer noopener\"><\/a><strong><a href=\"https:\/\/web.archive.org\/web\/20250716202427\/https:\/\/www.ils-forschung.de\/index.php?lang=de&amp;s=home\"><\/a><strong><strong><a href=\"http:\/\/www.zefir.ruhr-uni-bochum.de\" target=\"_blank\" rel=\"noreferrer noopener\">The center for interdisciplinary regional research (ZEFIR) Bochum<\/a><\/strong><\/strong><\/strong><\/strong><\/h3>\n<\/div>\n\n\n\n<p class=\"gb-text gbp-section__text\">The center for interdisciplinary regional research is an Institute of the faculty of social science at the Ruhr-University of Bochum, which is clogged with questions and problems in the Ruhr area apart. Of particular importance in addition to basic research, the Transfer of scientific research results into practice and the scientific guidance of policy and management. Local and regional aspects are of great importance. All of these activities are included in the promotion of young scientists and teaching.<\/p>\n<\/div>\n\n\n\n<div class=\"gb-element-19bfebe0\">\n<div>\n<h3 class=\"gb-text gbp-section__headline\"><strong><a href=\"http:\/\/inwis.de\/\" target=\"_blank\" rel=\"noreferrer noopener\"><\/a><strong><a href=\"https:\/\/web.archive.org\/web\/20250716202427\/https:\/\/www.ils-forschung.de\/index.php?lang=de&amp;s=home\"><\/a><strong><a href=\"https:\/\/web.archive.org\/web\/20250716202427\/http:\/\/www.zefir.ruhr-uni-bochum.de\/\"><\/a><strong><strong><a href=\"http:\/\/inwis.de\" target=\"_blank\" rel=\"noreferrer noopener\">Institute for housing, real estate Economics, urban and regional development (InWIS) Bochum<\/a><\/strong><\/strong><\/strong><\/strong><\/strong><\/h3>\n<\/div>\n\n\n\n<p class=\"gb-text gbp-section__text\">Founded in 1994 as an Institute of the Ruhr-University of Bochum To exist today, two sister companies under the umbrella of the European education center of the housing and real estate industry EBZ: the non-profit InWIS GmbH (Institute of the EBZ Business School and at the Ruhr-University Bochum), and the InWIS research &amp; consulting GmbH. Together, both stand for competence and experience in all aspects of housing and real estate industry, municipal and policy advice in connection with the topics of Housing and real estate.<\/p>\n<\/div>\n\n\n\n<div class=\"gb-element-4b1f65b9\">\n<div>\n<h3 class=\"gb-text gbp-section__headline\"><strong><strong><strong><strong><strong><strong><a href=\"https:\/\/www.uni-due.de\/zlv\/\" target=\"_blank\" rel=\"noreferrer noopener\">Centre for logistics and traffic (ZLV) Duisburg<\/a><\/strong><\/strong><\/strong><\/strong><\/strong><\/strong><\/h3>\n<\/div>\n\n\n\n<p class=\"gb-text gbp-section__text\">Founded in 1994 as an Institute of the Ruhr-University of Bochum To exist today, two sister companies under the umbrella of the European education center of the housing and real estate industry EBZ: the non-profit InWIS GmbH (Institute of the EBZ Business School and at the Ruhr-University Bochum), and the InWIS research &amp; consulting GmbH. Together, both stand for competence and experience in all aspects of housing and real estate industry, municipal and policy advice in connection with the topics of Housing and real estate.<\/p>\n<\/div>\n\n\n\n<div class=\"gb-element-04c8e013\">\n<div>\n<h3 class=\"gb-text gbp-section__headline\"><strong><strong><strong><strong><strong><strong><strong><a href=\"http:\/\/www.kwi-nrw.de\/home\/index.html\" target=\"_blank\" rel=\"noreferrer noopener\">Kulturwissenschaftliches Institut (KWI) to eat<\/a><\/strong><\/strong><\/strong><\/strong><\/strong><\/strong><\/strong><\/h3>\n<\/div>\n\n\n\n<p class=\"gb-text gbp-section__text\"><\/p>\n\n\n\n<p>The cultural-scientific Institute of food is an interdisciplinary and inter-University Research centre for the Humanities and cultural Sciences at the UA Ruhr universities in the Tradition of international Advanced Study Institute. The MBN is understood as a nucleus for interdisciplinary issues in modern culture, edited it in a practical way. The Institute promotes the ambitious cultural research, international exchange and intercultural dialogue, it refers to the young scientists emphasized.<\/p>\n<\/div>\n\n\n\n<div class=\"gb-element-91b2f78b\">\n<div>\n<h3 class=\"gb-text gbp-section__headline\"><strong><strong><strong><strong><strong><strong><strong><a href=\"https:\/\/www.uni-due.de\/zwu\/\" target=\"_blank\" rel=\"noreferrer noopener\"><\/a><strong><a href=\"https:\/\/www.uni-due.de\/zwu\" target=\"_blank\" rel=\"noreferrer noopener\">Centre for water and environmental research (ZWU) food<\/a><\/strong><\/strong><\/strong><\/strong><\/strong><\/strong><\/strong><\/strong><\/h3>\n<\/div>\n\n\n\n<p class=\"gb-text gbp-section__text\">The centre for water and environmental research is an interdisciplinary and multidisciplinary research centre at the University of Duisburg-Essen, which in 2003 under the name \"centre for micro-scale environmental systems (ZMU\") was founded. With the focus on the areas of Urban water cycle, biodiversity, water cycle, the ZWU serves the profile focus on \"Urban systems\" and combines the experience and the resources in the water and environmental research workers, scientists, and experts in the Region.<br><\/p>\n<\/div>\n<\/div>\n<\/div>","protected":false},"excerpt":{"rendered":"<p>Wissenschaftliche Einrichtungen Das Kompetenzfeld Metropolenforschung ist ein Kooperationsnetzwerk der drei UA Ruhr-Universit\u00e4ten und verf\u00fcgt \u00fcber eine gro\u00dfe Zahl einschl\u00e4giger, bereits gut vernetzter zentraler wissenschaftlicher Einrichtungen und An-Institute. Dar\u00fcber hinaus bestehen enge Kooperationen mit au\u00dferuniversit\u00e4ren Forschungseinrichtungen. Folgende beteiligte und kooperierende wissenschaftlichen Einrichtungen und Netzwerke sind zu nennen: Institut Arbeit und Technik (IAT) Gelsenkirchen Das Institut Arbeit &#8230; <a title=\"Facilities\" class=\"read-more\" href=\"https:\/\/metropolenforschung.uaruhr.de\/en\/ueber-uns\/einrichtungen\/\" aria-label=\"Read more about Einrichtungen\">Read more<\/a><\/p>","protected":false},"author":1,"featured_media":0,"parent":48901,"menu_order":4,"comment_status":"closed","ping_status":"closed","template":"","meta":{"footnotes":""},"class_list":["post-48944","page","type-page","status-publish"],"_links":{"self":[{"href":"https:\/\/metropolenforschung.uaruhr.de\/en\/wp-json\/wp\/v2\/pages\/48944","targetHints":{"allow":["GET"]}}],"collection":[{"href":"https:\/\/metropolenforschung.uaruhr.de\/en\/wp-json\/wp\/v2\/pages"}],"about":[{"href":"https:\/\/metropolenforschung.uaruhr.de\/en\/wp-json\/wp\/v2\/types\/page"}],"author":[{"embeddable":true,"href":"https:\/\/metropolenforschung.uaruhr.de\/en\/wp-json\/wp\/v2\/users\/1"}],"replies":[{"embeddable":true,"href":"https:\/\/metropolenforschung.uaruhr.de\/en\/wp-json\/wp\/v2\/comments?post=48944"}],"version-history":[{"count":13,"href":"https:\/\/metropolenforschung.uaruhr.de\/en\/wp-json\/wp\/v2\/pages\/48944\/revisions"}],"predecessor-version":[{"id":49532,"href":"https:\/\/metropolenforschung.uaruhr.de\/en\/wp-json\/wp\/v2\/pages\/48944\/revisions\/49532"}],"up":[{"embeddable":true,"href":"https:\/\/metropolenforschung.uaruhr.de\/en\/wp-json\/wp\/v2\/pages\/48901"}],"wp:attachment":[{"href":"https:\/\/metropolenforschung.uaruhr.de\/en\/wp-json\/wp\/v2\/media?parent=48944"}],"curies":[{"name":"wp","href":"https:\/\/api.w.org\/{rel}","templated":true}]}}