{"id":48946,"date":"2025-12-11T11:27:24","date_gmt":"2025-12-11T10:27:24","guid":{"rendered":"https:\/\/metropolenforschung.uaruhr.de\/?page_id=48946"},"modified":"2026-03-25T16:58:09","modified_gmt":"2026-03-25T15:58:09","slug":"graduiertennetzwerk","status":"publish","type":"page","link":"https:\/\/metropolenforschung.uaruhr.de\/en\/ueber-uns\/graduiertennetzwerk\/","title":{"rendered":"Postgraduate Network"},"content":{"rendered":"<p>The postgraduate network is composed of those UA Ruhr PhD candidates and postdocs who examine transformation processes in metropolitan areas and foster inter- and transdisciplinary exchange. The periodic gatherings are cooperatively arranged by our team of organisers and the KoMet coordination office. If you are interested in joining the Postgraduate Network, please get in touch with one of the persons listed below.<\/p>\n\n\n\n<h2 class=\"wp-block-heading\">Ansprechpartner (ehrenamtlich) f\u00fcr die Aktivit\u00e4ten des Graduiertennetzwerks  <\/h2>\n\n\n\n<p><strong>Markus Gornik, M.Sc.<br><\/strong>Doktorand und freier Projektmanager<br>M.Sc. Geographie<br>B.A. Germanistik<br>Mail: <a href=\"mailto:markus.gornik@rub.de\">markus.gornik@rub.de<\/a><\/p>\n\n\n\n<p>Markus Gornik developed the concept of the Transformation Talks and has organized all of theese events in collaboration with the Young Researchers\u2019 Forum of the Academy for Spatial Research and Planning (ARL) within the Leibniz Association. He has been supported in this effort by Dr. Elke Hochmuth.<a href=\"https:\/\/www.arl-net.de\/de\">ARL<\/a>) organisiert. Unterst\u00fctzt wurde er dabei bisher von Dr. Elke Hochmuth. <\/p>\n\n\n\n<h2 class=\"wp-block-heading\">Contact person in the office<\/h2>\n\n\n\n<p><strong>Dr. Elke Hochmuth (bis August 2026)<br><\/strong>University of Duisburg-Essen<br>Email:\u00a0<a href=\"mailto:elke.hochmuth@uni-due.de\">elke.hochmuth@uni-due.de<\/a><\/p>\n\n\n\n<h2 class=\"wp-block-heading\">More Offers<\/h2>\n\n\n\n<p>More offers for doctoral student:indoor and PostDocs in the UA Ruhr, you will find the&nbsp;<a href=\"https:\/\/www.research-academy-ruhr.de\/\" target=\"_blank\" rel=\"noreferrer noopener\"><strong>Research Academy Ruhr<\/strong><\/a>.&nbsp;<\/p>\n\n\n\n<p><\/p>","protected":false},"excerpt":{"rendered":"<p>Das Graduiertennetzwerk besteht aus Doktorand:innen und PostDocs der drei UA Ruhr-Universit\u00e4ten, die zu Themen der Transformation in metropolitanen R\u00e4umen forschen und den inter- sowie transdisziplin\u00e4ren Austausch pflegen. Die regelm\u00e4\u00dfigen Treffen werden durch Organisator:innen an den UA Ruhr-Partnerhochschulen mit Unterst\u00fctzung der Gesch\u00e4ftsstelle des Kompetenzfeldes Metropolenforschung ausgerichtet. Falls Sie Interesse haben dem Graduiertennetzwerk beizutreten, wenden Sie sich &#8230; <a title=\"Postgraduate Network\" class=\"read-more\" href=\"https:\/\/metropolenforschung.uaruhr.de\/en\/ueber-uns\/graduiertennetzwerk\/\" aria-label=\"Read more about Graduiertennetzwerk\">Read more<\/a><\/p>","protected":false},"author":1,"featured_media":0,"parent":48901,"menu_order":5,"comment_status":"closed","ping_status":"closed","template":"","meta":{"footnotes":""},"class_list":["post-48946","page","type-page","status-publish"],"_links":{"self":[{"href":"https:\/\/metropolenforschung.uaruhr.de\/en\/wp-json\/wp\/v2\/pages\/48946","targetHints":{"allow":["GET"]}}],"collection":[{"href":"https:\/\/metropolenforschung.uaruhr.de\/en\/wp-json\/wp\/v2\/pages"}],"about":[{"href":"https:\/\/metropolenforschung.uaruhr.de\/en\/wp-json\/wp\/v2\/types\/page"}],"author":[{"embeddable":true,"href":"https:\/\/metropolenforschung.uaruhr.de\/en\/wp-json\/wp\/v2\/users\/1"}],"replies":[{"embeddable":true,"href":"https:\/\/metropolenforschung.uaruhr.de\/en\/wp-json\/wp\/v2\/comments?post=48946"}],"version-history":[{"count":10,"href":"https:\/\/metropolenforschung.uaruhr.de\/en\/wp-json\/wp\/v2\/pages\/48946\/revisions"}],"predecessor-version":[{"id":50516,"href":"https:\/\/metropolenforschung.uaruhr.de\/en\/wp-json\/wp\/v2\/pages\/48946\/revisions\/50516"}],"up":[{"embeddable":true,"href":"https:\/\/metropolenforschung.uaruhr.de\/en\/wp-json\/wp\/v2\/pages\/48901"}],"wp:attachment":[{"href":"https:\/\/metropolenforschung.uaruhr.de\/en\/wp-json\/wp\/v2\/media?parent=48946"}],"curies":[{"name":"wp","href":"https:\/\/api.w.org\/{rel}","templated":true}]}}