{"id":48950,"date":"2025-12-11T11:28:10","date_gmt":"2025-12-11T10:28:10","guid":{"rendered":"https:\/\/metropolenforschung.uaruhr.de\/?page_id=48950"},"modified":"2026-03-26T12:30:24","modified_gmt":"2026-03-26T11:30:24","slug":"foerderung","status":"publish","type":"page","link":"https:\/\/metropolenforschung.uaruhr.de\/en\/ueber-uns\/foerderung\/","title":{"rendered":"Funding"},"content":{"rendered":"<p><\/p>\n\n\n\n<p><\/p>\n\n\n\n<div>\n<figure class=\"gb-block-image gb-block-image-a330f041\"><img loading=\"lazy\" decoding=\"async\" width=\"380\" height=\"102\" class=\"gb-image gb-image-a330f041\" src=\"https:\/\/metropolenforschung.uaruhr.de\/wp-content\/uploads\/2026\/02\/stiftung-mercator.png\" alt=\"\" title=\"stiftung mercator\" srcset=\"https:\/\/metropolenforschung.uaruhr.de\/wp-content\/uploads\/2026\/02\/stiftung-mercator.png 380w, https:\/\/metropolenforschung.uaruhr.de\/wp-content\/uploads\/2026\/02\/stiftung-mercator-300x81.png 300w\" sizes=\"auto, (max-width: 380px) 100vw, 380px\" \/><\/figure>\n<\/div>\n\n\n\n<p>Nach einer Anschubfinanzierung durch das Mercator Research Center Ruhr (MERCUR) im Jahr 2017 f\u00f6rdert die Stiftung Mercator seit Mai 2018 f\u00fcr f\u00fcnf Jahre (bis Mai 2023) den weiteren Aufbau und die Profilierung des Kompetenzfelds. Mithilfe der Zuwendung wurde die weitere inhaltliche Profilierung sowie die Verstetigung von strategischen Managementstrukturen erm\u00f6glicht, die die beteiligten Wissenschaftler:innen in den mittlerweile acht Forschungsfeldern von administrativen und koordinativen Aufgaben entlastet haben.  Die Gesch\u00e4ftsstelle des KoMet war in dieser Phase trilateral an den drei UA Ruhr-Universit\u00e4ten in Essen, Bochum und Dortmund angesiedelt. <\/p>\n\n\n\n<p><\/p>\n\n\n\n<figure class=\"wp-block-image is-resized\"><img decoding=\"async\" src=\"https:\/\/metropolenforschung.uaruhr.de\/wp-content\/uploads\/2026\/02\/logomercur-removebg-preview.png\" alt=\"\" style=\"width:400px;height:auto\" title=\"logo Mercur-removebg-preview\"\/><\/figure>\n\n\n\n<p>Das Kompetenzfeld Metropolenforschung erhielt in 2016 und 2017 Unterst\u00fctzung in Form einer F\u00f6rderung durch das Mercator Research Centre Ruhr (MERCUR), eine Einrichtung der Stiftung Mercator und der Universit\u00e4tsallianz Ruhr. Durch diese Anschubfinanzierung konnte die Gesch\u00e4ftsstelle des Kompetenzfelds Metropolenforschung im Februar 2017 eingerichtet werden.<\/p>\n\n\n\n<p>Die Gesch\u00e4ftsstelle bilden drei wissenschaftliche Mitarbeiter:innen, die an den drei Universit\u00e4ten als Ansprechpersonen fungieren und die organisatorischen und koordinierenden Aufgaben beim Aufbau des Kompetenzfelds Metropolenforschung \u00fcbernehmen. <\/p>","protected":false},"excerpt":{"rendered":"<p>Nach einer Anschubfinanzierung durch das Mercator Research Center Ruhr (MERCUR) im Jahr 2017 f\u00f6rdert die Stiftung Mercator seit Mai 2018 f\u00fcr f\u00fcnf Jahre (bis Mai 2023) den weiteren Aufbau und die Profilierung des Kompetenzfelds. Mithilfe der Zuwendung wurde die weitere inhaltliche Profilierung sowie die Verstetigung von strategischen Managementstrukturen erm\u00f6glicht, die die beteiligten Wissenschaftler:innen in den &#8230; <a title=\"Funding\" class=\"read-more\" href=\"https:\/\/metropolenforschung.uaruhr.de\/en\/ueber-uns\/foerderung\/\" aria-label=\"Read more about F\u00f6rderung\">Read more<\/a><\/p>","protected":false},"author":1,"featured_media":0,"parent":48901,"menu_order":7,"comment_status":"closed","ping_status":"closed","template":"","meta":{"footnotes":""},"class_list":["post-48950","page","type-page","status-publish"],"_links":{"self":[{"href":"https:\/\/metropolenforschung.uaruhr.de\/en\/wp-json\/wp\/v2\/pages\/48950","targetHints":{"allow":["GET"]}}],"collection":[{"href":"https:\/\/metropolenforschung.uaruhr.de\/en\/wp-json\/wp\/v2\/pages"}],"about":[{"href":"https:\/\/metropolenforschung.uaruhr.de\/en\/wp-json\/wp\/v2\/types\/page"}],"author":[{"embeddable":true,"href":"https:\/\/metropolenforschung.uaruhr.de\/en\/wp-json\/wp\/v2\/users\/1"}],"replies":[{"embeddable":true,"href":"https:\/\/metropolenforschung.uaruhr.de\/en\/wp-json\/wp\/v2\/comments?post=48950"}],"version-history":[{"count":17,"href":"https:\/\/metropolenforschung.uaruhr.de\/en\/wp-json\/wp\/v2\/pages\/48950\/revisions"}],"predecessor-version":[{"id":50544,"href":"https:\/\/metropolenforschung.uaruhr.de\/en\/wp-json\/wp\/v2\/pages\/48950\/revisions\/50544"}],"up":[{"embeddable":true,"href":"https:\/\/metropolenforschung.uaruhr.de\/en\/wp-json\/wp\/v2\/pages\/48901"}],"wp:attachment":[{"href":"https:\/\/metropolenforschung.uaruhr.de\/en\/wp-json\/wp\/v2\/media?parent=48950"}],"curies":[{"name":"wp","href":"https:\/\/api.w.org\/{rel}","templated":true}]}}